{"id":96,"date":"2016-12-31T12:11:48","date_gmt":"2016-12-31T11:11:48","guid":{"rendered":"http:\/\/glennbesnard.com\/?page_id=96"},"modified":"2021-12-03T17:30:40","modified_gmt":"2021-12-03T16:30:40","slug":"bande-originale-du-film","status":"publish","type":"page","link":"https:\/\/glennbesnard.com\/index.php\/bande-originale-du-film\/","title":{"rendered":"LE BATEAU IVRE &#8211; BO"},"content":{"rendered":"<p>Le bateau ivre est un long m\u00e9trage de Dominique Philippe. Le film est sorti en mai 2017.<\/p>\n<p>Musiciens additionnels: Federico Climovich (batterie), Cl\u00e9ment Lemennicier (trompette et bugle), St\u00e9phane Kerihuel (guitares), Elise Rocaboy et Alexis Geslin (chant).<\/p>\n<p><iframe loading=\"lazy\" style=\"border: 0; width: 400px; height: 472px;\" src=\"https:\/\/bandcamp.com\/EmbeddedPlayer\/album=183913790\/size=large\/bgcol=ffffff\/linkcol=0687f5\/artwork=small\/transparent=true\/\" width=\"300\" height=\"150\" seamless=\"\"><a href=\"http:\/\/ollomusic.bandcamp.com\/album\/le-bateau-ivre-bande-originale-du-film\">Le bateau ivre &#8211; Bande originale du film by \u00f8ll\u00f8<\/a><\/iframe><\/p>\n","protected":false},"excerpt":{"rendered":"<p>Le bateau ivre est un long m\u00e9trage de Dominique Philippe. Le film est sorti en mai 2017. Musiciens additionnels: Federico Climovich (batterie), Cl\u00e9ment Lemennicier (trompette et bugle), St\u00e9phane Kerihuel (guitares), Elise Rocaboy et Alexis Geslin (chant). Le bateau ivre &#8211; Bande originale du film by \u00f8ll\u00f8<\/p>\n","protected":false},"author":1,"featured_media":0,"parent":0,"menu_order":0,"comment_status":"closed","ping_status":"closed","template":"","meta":{"footnotes":""},"_links":{"self":[{"href":"https:\/\/glennbesnard.com\/index.php\/wp-json\/wp\/v2\/pages\/96"}],"collection":[{"href":"https:\/\/glennbesnard.com\/index.php\/wp-json\/wp\/v2\/pages"}],"about":[{"href":"https:\/\/glennbesnard.com\/index.php\/wp-json\/wp\/v2\/types\/page"}],"author":[{"embeddable":true,"href":"https:\/\/glennbesnard.com\/index.php\/wp-json\/wp\/v2\/users\/1"}],"replies":[{"embeddable":true,"href":"https:\/\/glennbesnard.com\/index.php\/wp-json\/wp\/v2\/comments?post=96"}],"version-history":[{"count":9,"href":"https:\/\/glennbesnard.com\/index.php\/wp-json\/wp\/v2\/pages\/96\/revisions"}],"predecessor-version":[{"id":350,"href":"https:\/\/glennbesnard.com\/index.php\/wp-json\/wp\/v2\/pages\/96\/revisions\/350"}],"wp:attachment":[{"href":"https:\/\/glennbesnard.com\/index.php\/wp-json\/wp\/v2\/media?parent=96"}],"curies":[{"name":"wp","href":"https:\/\/api.w.org\/{rel}","templated":true}]}}