{"id":437,"date":"2022-02-07T15:39:50","date_gmt":"2022-02-07T14:39:50","guid":{"rendered":"http:\/\/glennbesnard.com\/?page_id=437"},"modified":"2022-02-18T12:34:33","modified_gmt":"2022-02-18T11:34:33","slug":"rebondir-theatre","status":"publish","type":"page","link":"https:\/\/glennbesnard.com\/index.php\/rebondir-theatre\/","title":{"rendered":"REBONDIR &#8211; Th\u00e9\u00e2tre"},"content":{"rendered":"\n<p><em>Forme pour salle de classe \/ 55min \u00e0 partir de 14 ans<\/em><\/p>\n\n\n\n<p><em>D&#8217;apr\u00e8s le roman &#8220;Neverland&#8221; de T. De Fombelle<\/em><\/p>\n\n\n\n<p><iframe style=\"border: 0; width: 700px; height: 307px;\" src=\"https:\/\/bandcamp.com\/EmbeddedPlayer\/album=132776231\/size=large\/bgcol=ffffff\/linkcol=0687f5\/artwork=small\/transparent=true\/\" seamless><a href=\"https:\/\/ollomusic.bandcamp.com\/album\/rebondir\">REBONDIR by \u00f8ll\u00f8<\/a><\/iframe><\/p>\n\n\n\n<figure class=\"wp-block-image size-full\"><img decoding=\"async\" loading=\"lazy\" width=\"768\" height=\"399\" src=\"http:\/\/glennbesnard.com\/wp-content\/uploads\/2022\/02\/Capture-de\u0301cran-2022-02-07-a\u0300-15.34.47.png\" alt=\"\" class=\"wp-image-438\" srcset=\"https:\/\/glennbesnard.com\/wp-content\/uploads\/2022\/02\/Capture-de\u0301cran-2022-02-07-a\u0300-15.34.47.png 768w, https:\/\/glennbesnard.com\/wp-content\/uploads\/2022\/02\/Capture-de\u0301cran-2022-02-07-a\u0300-15.34.47-300x156.png 300w\" sizes=\"(max-width: 768px) 100vw, 768px\" \/><figcaption>cr\u00e9dit photo: Jeanne Paturel<\/figcaption><\/figure>\n\n\n\n<p><strong>Mise en sc\u00e8ne \/ Adaptation :<\/strong> Paule Vernin<\/p>\n\n\n\n<p><strong>Dramaturgie \/ Adapt<\/strong><strong>ation :<\/strong> Sophie Aurad\u00e9<\/p>\n\n\n\n<p><strong>Interpr\u00e9tation :<\/strong> Ad\u00e9lie Garsault, Julien Bleitrach,&nbsp;J\u00e9r\u00f4me Fauvel&nbsp;(en alternance)<\/p>\n\n\n\n<p><strong>Cr\u00e9ation sonore :<\/strong> Glenn Besnard<\/p>\n\n\n\n<p><strong>Cr\u00e9ation dessin mural :<\/strong> Iris de Mo\u00fcy<\/p>\n\n\n\n<p><strong>Regard chor\u00e9graphique : <\/strong>Katell Hartereau<\/p>\n\n\n\n<p><\/p>\n\n\n\n<p><\/p>\n\n\n\n<p>Dans un temps ramass\u00e9, une unit\u00e9 de lieu et d&#8217;action : RebondiR est une pi\u00e8ce du surgissement.<\/p>\n\n\n\n<p>Chacun de nous a pu faire ce constat saisissant et universel : un jour l&#8217;enfance a disparu, rien ne nous relie plus \u00e0 l&#8217;enfant qu&#8217;on a \u00e9t\u00e9.<\/p>\n\n\n\n<p>Pourquoi, comment devient-on soudain absent \u00e0 son enfance ?<\/p>\n\n\n\n<p>Comment savoir ce qu&#8217;est devenu celui ou celle qui pr\u00e9c\u00e9dait l&#8217;adulte que l&#8217;on est aujourd&#8217;hui ?<\/p>\n\n\n\n<p>Comment retrouver le chemin du retour, et garder la route praticable ?<\/p>\n\n\n\n<p><strong>\u200b<\/strong><\/p>\n\n\n\n<p>Deux jeunes adultes fra\u00eechement sortis de l&#8217;enfance, viennent occuper les murs de cet endroit qui leur est familier, pour finir un geste interrompu quelques ann\u00e9es auparavant. Ils vont cartographier les chemins qui les ont conduits \u00e0 devenir adultes et laisser une trace de leur transformation.<\/p>\n\n\n\n<p><\/p>\n\n\n\n<figure class=\"wp-block-image size-full\"><img decoding=\"async\" loading=\"lazy\" width=\"820\" height=\"426\" src=\"http:\/\/glennbesnard.com\/wp-content\/uploads\/2022\/02\/Capture-de\u0301cran-2022-02-07-a\u0300-15.34.30.png\" alt=\"\" class=\"wp-image-439\" srcset=\"https:\/\/glennbesnard.com\/wp-content\/uploads\/2022\/02\/Capture-de\u0301cran-2022-02-07-a\u0300-15.34.30.png 820w, https:\/\/glennbesnard.com\/wp-content\/uploads\/2022\/02\/Capture-de\u0301cran-2022-02-07-a\u0300-15.34.30-300x156.png 300w, https:\/\/glennbesnard.com\/wp-content\/uploads\/2022\/02\/Capture-de\u0301cran-2022-02-07-a\u0300-15.34.30-768x399.png 768w\" sizes=\"(max-width: 820px) 100vw, 820px\" \/><figcaption>cr\u00e9dit photo: Jeanne Paturel<\/figcaption><\/figure>\n\n\n\n<p><\/p>\n\n\n\n<p>Le projet est coproduit par&nbsp;Le Quai des R\u00eaves &#8211; <em>Lamballe (22),<\/em><\/p>\n\n\n\n<p>&nbsp; &nbsp; &nbsp; &nbsp; &nbsp; &nbsp; &nbsp; &nbsp; &nbsp; &nbsp; &nbsp; &nbsp; &nbsp; &nbsp; &nbsp; &nbsp; &nbsp; &nbsp; &nbsp; &nbsp; &nbsp; &nbsp; &nbsp; &nbsp;La Passerelle Sc\u00e8ne nationale de<em> Saint-Brieuc (22),&nbsp;<\/em><\/p>\n\n\n\n<p>&nbsp; &nbsp; &nbsp; &nbsp; &nbsp; &nbsp; &nbsp; &nbsp; &nbsp; &nbsp; &nbsp; &nbsp; &nbsp; &nbsp; &nbsp; &nbsp; &nbsp; &nbsp; &nbsp; &nbsp; &nbsp; &nbsp; &nbsp; &nbsp;Le Th\u00e9\u00e2tre du Champ au Roy &#8211;<em> Lamballe (22),<\/em><\/p>\n\n\n\n<p>&nbsp; &nbsp; &nbsp; &nbsp; &nbsp; &nbsp; &nbsp; &nbsp; &nbsp; &nbsp; &nbsp; &nbsp; &nbsp; &nbsp; &nbsp; &nbsp; &nbsp; &nbsp; &nbsp; &nbsp; &nbsp; &nbsp; &nbsp; &nbsp;Le Centre culturel de la Ville Robert &#8211; <em>Pordic (22).<\/em><\/p>\n\n\n\n<p><em>Aide \u00e0 la r\u00e9sidence : Le Petit Echo de la Mode &#8211; Ch\u00e2telaudren<\/em>&nbsp; &nbsp; &nbsp;<\/p>\n\n\n\n<p>Le projet est soutenu par La Paillette \u00e0 Rennes, &nbsp;<\/p>\n\n\n\n<p><em>Ce projet a re\u00e7u l\u2019aide \u00e0 la production du Minist\u00e8re de la Culture et de la Communication (DRAC Bretagne), le Conseil R\u00e9gional de Bretagne, le Conseil D\u00e9partemental des C\u00f4tes d\u2019Armor, Saint-Brieuc Armor Agglom\u00e9ration, la Ville de Saint-Brieuc, la Spedidam.<\/em><\/p>\n","protected":false},"excerpt":{"rendered":"<p>Forme pour salle de classe \/ 55min \u00e0 partir de 14 ans D&#8217;apr\u00e8s le roman &#8220;Neverland&#8221; de T. De Fombelle REBONDIR by \u00f8ll\u00f8 Mise en sc\u00e8ne \/ Adaptation : Paule Vernin Dramaturgie \/ Adaptation : Sophie Aurad\u00e9 Interpr\u00e9tation : Ad\u00e9lie Garsault, Julien Bleitrach,&nbsp;J\u00e9r\u00f4me Fauvel&nbsp;(en alternance) Cr\u00e9ation sonore : Glenn Besnard Cr\u00e9ation dessin mural : Iris [&hellip;]<\/p>\n","protected":false},"author":1,"featured_media":0,"parent":0,"menu_order":0,"comment_status":"closed","ping_status":"closed","template":"","meta":{"footnotes":""},"_links":{"self":[{"href":"https:\/\/glennbesnard.com\/index.php\/wp-json\/wp\/v2\/pages\/437"}],"collection":[{"href":"https:\/\/glennbesnard.com\/index.php\/wp-json\/wp\/v2\/pages"}],"about":[{"href":"https:\/\/glennbesnard.com\/index.php\/wp-json\/wp\/v2\/types\/page"}],"author":[{"embeddable":true,"href":"https:\/\/glennbesnard.com\/index.php\/wp-json\/wp\/v2\/users\/1"}],"replies":[{"embeddable":true,"href":"https:\/\/glennbesnard.com\/index.php\/wp-json\/wp\/v2\/comments?post=437"}],"version-history":[{"count":4,"href":"https:\/\/glennbesnard.com\/index.php\/wp-json\/wp\/v2\/pages\/437\/revisions"}],"predecessor-version":[{"id":450,"href":"https:\/\/glennbesnard.com\/index.php\/wp-json\/wp\/v2\/pages\/437\/revisions\/450"}],"wp:attachment":[{"href":"https:\/\/glennbesnard.com\/index.php\/wp-json\/wp\/v2\/media?parent=437"}],"curies":[{"name":"wp","href":"https:\/\/api.w.org\/{rel}","templated":true}]}}