{"id":422,"date":"2021-12-13T14:13:29","date_gmt":"2021-12-13T13:13:29","guid":{"rendered":"http:\/\/glennbesnard.com\/?page_id=422"},"modified":"2022-01-27T15:35:24","modified_gmt":"2022-01-27T14:35:24","slug":"rose-theatre","status":"publish","type":"page","link":"https:\/\/glennbesnard.com\/index.php\/rose-theatre\/","title":{"rendered":"ROSE &#8211; Th\u00e9\u00e2tre"},"content":{"rendered":"\n<p><em>Spectacle en cr\u00e9ation. Tout public \u00e0 partir de 8 ans.<\/em><\/p>\n\n\n\n<p><strong><em>\u00ab Rose a 9 ans. Elle est fille unique. Elle habite une grande maison en pierre grise avec des balcons en pierres grises, des fen\u00eatres \u00e0 petits carreaux et un grand jardin vert et blanc entretenu par un jardinier. \u00bb<\/em><\/strong><\/p>\n\n\n\n<p>Et puis un jour\u2026<br>ROSE parlera de loyaut\u00e9 familiale, d\u2019emprise, de rupture, de place, de col\u00e8re, de destruction mais aussi de libert\u00e9, de joie, de mots qui lib\u00e8rent et qui aident \u00e0 partir loin dans le tr\u00e8s loin.<br>ROSE doit-\u00eatre la plus belle fleur du jardin<br>ROSE est polie<br>ROSE se tient bien \u00e0 table<br>ROSE ne r\u00e9pond pas<br>ROSE ne fait pas de bruit<br>ROSE ne d\u00e9range personne<br>ROSE mange tout ce que sa m\u00e8re lui pr\u00e9pare<br>M\u00eame si elle voudrait\u2026 rentrer crott\u00e9e \u00e0 la maison dire merde claquer les portes manger son poulet avec les doigts crier qu\u2019elle en a marre avoir les cheveux courts qu\u2019on l\u2019aime comme elle est!!!<\/p>\n\n\n\n<p><\/p>\n\n\n\n<figure class=\"wp-block-image size-full\"><img decoding=\"async\" loading=\"lazy\" width=\"768\" height=\"426\" src=\"http:\/\/glennbesnard.com\/wp-content\/uploads\/2021\/12\/Rose.jpg\" alt=\"\" class=\"wp-image-423\" srcset=\"https:\/\/glennbesnard.com\/wp-content\/uploads\/2021\/12\/Rose.jpg 768w, https:\/\/glennbesnard.com\/wp-content\/uploads\/2021\/12\/Rose-300x166.jpg 300w\" sizes=\"(max-width: 768px) 100vw, 768px\" \/><figcaption>Cr\u00e9dit photo: Vincent Paulic<\/figcaption><\/figure>\n\n\n\n<p><iframe style=\"border: 0; width: 350px; height: 621px;\" src=\"https:\/\/bandcamp.com\/EmbeddedPlayer\/album=1785963165\/size=large\/bgcol=ffffff\/linkcol=0687f5\/transparent=true\/\" seamless=\"\"><a href=\"https:\/\/ollomusic.bandcamp.com\/album\/rose\">ROSE by \u00f8ll\u00f8<\/a><\/iframe><\/p>\n","protected":false},"excerpt":{"rendered":"<p>Spectacle en cr\u00e9ation. Tout public \u00e0 partir de 8 ans. \u00ab Rose a 9 ans. Elle est fille unique. Elle habite une grande maison en pierre grise avec des balcons en pierres grises, des fen\u00eatres \u00e0 petits carreaux et un grand jardin vert et blanc entretenu par un jardinier. \u00bb Et puis un jour\u2026ROSE parlera [&hellip;]<\/p>\n","protected":false},"author":1,"featured_media":0,"parent":0,"menu_order":0,"comment_status":"closed","ping_status":"closed","template":"","meta":{"footnotes":""},"_links":{"self":[{"href":"https:\/\/glennbesnard.com\/index.php\/wp-json\/wp\/v2\/pages\/422"}],"collection":[{"href":"https:\/\/glennbesnard.com\/index.php\/wp-json\/wp\/v2\/pages"}],"about":[{"href":"https:\/\/glennbesnard.com\/index.php\/wp-json\/wp\/v2\/types\/page"}],"author":[{"embeddable":true,"href":"https:\/\/glennbesnard.com\/index.php\/wp-json\/wp\/v2\/users\/1"}],"replies":[{"embeddable":true,"href":"https:\/\/glennbesnard.com\/index.php\/wp-json\/wp\/v2\/comments?post=422"}],"version-history":[{"count":3,"href":"https:\/\/glennbesnard.com\/index.php\/wp-json\/wp\/v2\/pages\/422\/revisions"}],"predecessor-version":[{"id":432,"href":"https:\/\/glennbesnard.com\/index.php\/wp-json\/wp\/v2\/pages\/422\/revisions\/432"}],"wp:attachment":[{"href":"https:\/\/glennbesnard.com\/index.php\/wp-json\/wp\/v2\/media?parent=422"}],"curies":[{"name":"wp","href":"https:\/\/api.w.org\/{rel}","templated":true}]}}