{"id":395,"date":"2021-12-06T12:35:54","date_gmt":"2021-12-06T11:35:54","guid":{"rendered":"http:\/\/glennbesnard.com\/?page_id=395"},"modified":"2023-07-18T10:19:05","modified_gmt":"2023-07-18T08:19:05","slug":"lenchanteur-en-chantier-bo","status":"publish","type":"page","link":"https:\/\/glennbesnard.com\/index.php\/lenchanteur-en-chantier-bo\/","title":{"rendered":"L&#8217;ENCHANTEUR EN CHANTIER &#8211; BO"},"content":{"rendered":"\n<figure class=\"wp-block-image size-full is-resized is-style-default\"><img decoding=\"async\" loading=\"lazy\" src=\"http:\/\/glennbesnard.com\/wp-content\/uploads\/2022\/01\/affiche-enchanteur.jpg\" alt=\"\" class=\"wp-image-433\" width=\"650\" height=\"919\" srcset=\"https:\/\/glennbesnard.com\/wp-content\/uploads\/2022\/01\/affiche-enchanteur.jpg 509w, https:\/\/glennbesnard.com\/wp-content\/uploads\/2022\/01\/affiche-enchanteur-212x300.jpg 212w\" sizes=\"(max-width: 650px) 100vw, 650px\" \/><\/figure>\n\n\n\n<p class=\"has-text-align-center\">J\u2019ai commenc\u00e9 \u00e0 penser et \u00e0 \u00e9crire la musique d\u00e8s le tournage du film. Elle nous a accompagn\u00e9 dans nos choix d\u2019\u00e9criture, nos choix de \u00ab&nbsp;mise en sc\u00e8ne&nbsp;\u00bb.<br>Avec Anne Burlot, nous souhaitions une musique l\u00e9g\u00e8re, discr\u00e8te, afin de laisser la place \u00e0 la musicalit\u00e9 des sons \u00ab naturels \u00bb.<br>Elle devait permettre, par moment, de donner vie \u00e0 certaines forces invisibles et imaginaires. Comme si des \u00eatres ou des esprits myst\u00e9rieux (incarn\u00e9s par la musique) prenait possession des lieux et de Robert.<\/p>\n\n\n\n<p class=\"has-text-align-center\">Deux univers diff\u00e9rents ont \u00e9t\u00e9 imagin\u00e9s.<br>Le premier univers est compos\u00e9 de trois th\u00e8mes jou\u00e9s \u00e0 l\u2019alto, la contrebasse, la guitare acoustique et au bugle. Avec cette atmosph\u00e8re, je voulais rentrer dans les rouages des automates et des constructions fabriqu\u00e9s par Robert. Comme des m\u00e9canismes entrelac\u00e9s, les cordes se m\u00e9langent, se croisent, s\u2019entrechoquent donnant l\u2019illusion qu\u2019elles sont imbriqu\u00e9es entre elles. J\u2019avais envie que ces musiques soient le \u00ab&nbsp;combustible&nbsp;\u00bb des automates qui s\u2019activent d\u00e8s les premi\u00e8res notes, comme par magie.<\/p>\n\n\n\n<p class=\"has-text-align-center\">Le second univers, cr\u00e9\u00e9 \u00e0 partir d\u2019instruments plus virtuels, plus proche du sound design, a \u00e9t\u00e9 pens\u00e9 pour renforcer la po\u00e9sie et la gr\u00e2ce de certaines s\u00e9quences, notamment pendant les introspections et les r\u00eaves de Robert.<\/p>\n\n\n\n<p class=\"has-text-align-center\">Nous avons enregistr\u00e9 la bande originale de L\u2019Enchanteur en Chantier au studio du Faune \u00e0 Montauban de Bretagne. Pour interpr\u00e9ter cette musique, l\u2019altiste Yuri Hue et le guitariste\/trompettiste Cl\u00e9ment Lemennicier nous ont accompagn\u00e9s lors de la session en studio.<\/p>\n\n\n\n<p class=\"has-text-align-center\"><iframe style=\"border: 0; width: 350px; height: 621px;\" src=\"https:\/\/bandcamp.com\/EmbeddedPlayer\/album=380523911\/size=large\/bgcol=ffffff\/linkcol=0687f5\/transparent=true\/\" seamless=\"\"><a href=\"https:\/\/ollomusic.bandcamp.com\/album\/lenchanteur-en-chantier-bande-originale\">L&#39;Enchanteur en Chantier &#8211; Bande Originale by \u00f8ll\u00f8<\/a><\/iframe><\/p>\n\n\n\n<p><\/p>\n\n\n\n<p><\/p>\n","protected":false},"excerpt":{"rendered":"<p>J\u2019ai commenc\u00e9 \u00e0 penser et \u00e0 \u00e9crire la musique d\u00e8s le tournage du film. Elle nous a accompagn\u00e9 dans nos choix d\u2019\u00e9criture, nos choix de \u00ab&nbsp;mise en sc\u00e8ne&nbsp;\u00bb.Avec Anne Burlot, nous souhaitions une musique l\u00e9g\u00e8re, discr\u00e8te, afin de laisser la place \u00e0 la musicalit\u00e9 des sons \u00ab naturels \u00bb.Elle devait permettre, par moment, de donner [&hellip;]<\/p>\n","protected":false},"author":1,"featured_media":0,"parent":0,"menu_order":0,"comment_status":"closed","ping_status":"closed","template":"","meta":{"footnotes":""},"_links":{"self":[{"href":"https:\/\/glennbesnard.com\/index.php\/wp-json\/wp\/v2\/pages\/395"}],"collection":[{"href":"https:\/\/glennbesnard.com\/index.php\/wp-json\/wp\/v2\/pages"}],"about":[{"href":"https:\/\/glennbesnard.com\/index.php\/wp-json\/wp\/v2\/types\/page"}],"author":[{"embeddable":true,"href":"https:\/\/glennbesnard.com\/index.php\/wp-json\/wp\/v2\/users\/1"}],"replies":[{"embeddable":true,"href":"https:\/\/glennbesnard.com\/index.php\/wp-json\/wp\/v2\/comments?post=395"}],"version-history":[{"count":7,"href":"https:\/\/glennbesnard.com\/index.php\/wp-json\/wp\/v2\/pages\/395\/revisions"}],"predecessor-version":[{"id":490,"href":"https:\/\/glennbesnard.com\/index.php\/wp-json\/wp\/v2\/pages\/395\/revisions\/490"}],"wp:attachment":[{"href":"https:\/\/glennbesnard.com\/index.php\/wp-json\/wp\/v2\/media?parent=395"}],"curies":[{"name":"wp","href":"https:\/\/api.w.org\/{rel}","templated":true}]}}