{"id":21,"date":"2016-12-30T18:02:19","date_gmt":"2016-12-30T17:02:19","guid":{"rendered":"http:\/\/glennbesnard.com\/?page_id=21"},"modified":"2024-09-04T16:03:30","modified_gmt":"2024-09-04T14:03:30","slug":"musique","status":"publish","type":"page","link":"https:\/\/glennbesnard.com\/index.php\/musique\/","title":{"rendered":""},"content":{"rendered":"\n<figure class=\"wp-block-image aligncenter\"><img decoding=\"async\" loading=\"lazy\" width=\"300\" height=\"149\" src=\"http:\/\/glennbesnard.com\/wp-content\/uploads\/2023\/08\/Capture-decran-2023-08-23-a-16.10.13-300x149.png\" alt=\"\" class=\"wp-image-516\" srcset=\"https:\/\/glennbesnard.com\/wp-content\/uploads\/2023\/08\/Capture-decran-2023-08-23-a-16.10.13-300x149.png 300w, https:\/\/glennbesnard.com\/wp-content\/uploads\/2023\/08\/Capture-decran-2023-08-23-a-16.10.13.png 628w\" sizes=\"(max-width: 300px) 100vw, 300px\" \/><\/figure>\n\n\n\n<p class=\"has-text-align-center\"> Depuis neuf ans, je construis un univers marqu\u00e9 par des influences diverses comme Boards of canada, Mogwai, Massive Attack, Sigur Ros, Rone&#8230;<\/p>\n\n\n\n<p class=\"has-text-align-center\">Dans ce projet musical solo, l&#8217;\u00e9lectronique et l&#8217;acoustique fusionnent pour cr\u00e9er une musique onirique, parfois m\u00e9lancolique ou dansante, souvent po\u00e9tique.<\/p>\n\n\n\n<p class=\"has-text-align-center\">&#8212;&#8212;&#8212;&#8212;&#8212;&#8212;&#8211;<\/p>\n\n\n\n<p class=\"has-text-align-left\"><strong> L&#8217;album &#8220;In Parenthesis&#8221; est sorti le 1er d\u00e9cembre 2023<\/strong><\/p>\n\n\n\n<p><\/p>\n\n\n\n<p class=\"has-text-align-center\"><\/p>\n\n\n<p><iframe style=\"border: 10; width: 400px; height: 472px; style=\"text-align:center\";\" src=\"https:\/\/bandcamp.com\/EmbeddedPlayer\/album=483166780\/size=large\/bgcol=ffffff\/linkcol=0687f5\/artwork=small\/transparent=true\/\" seamless><a href=\"https:\/\/ollomusic.bandcamp.com\/album\/in-parenthesis\">In Parenthesis by \u00f8ll\u00f8<\/a><\/iframe><\/p>\n\n\n<p class=\"has-text-align-center\"><\/p>\n\n\n\n<p class=\"has-text-align-center\">&#8212;&#8212;&#8212;&#8212;&#8212;&#8212;&#8211;<\/p>\n\n\n\n<p class=\"has-text-align-center\"><strong>Critique de &#8220;In Parenthesis&#8221; dans Magic du 1er d\u00e9cembre 2023:<\/strong><\/p>\n\n\n\n<figure class=\"wp-block-image size-large\"><img decoding=\"async\" loading=\"lazy\" width=\"1024\" height=\"744\" src=\"http:\/\/glennbesnard.com\/wp-content\/uploads\/2024\/09\/magic-1024x744.png\" alt=\"\" class=\"wp-image-612\" srcset=\"https:\/\/glennbesnard.com\/wp-content\/uploads\/2024\/09\/magic-1024x744.png 1024w, https:\/\/glennbesnard.com\/wp-content\/uploads\/2024\/09\/magic-300x218.png 300w, https:\/\/glennbesnard.com\/wp-content\/uploads\/2024\/09\/magic-768x558.png 768w, https:\/\/glennbesnard.com\/wp-content\/uploads\/2024\/09\/magic-1536x1117.png 1536w, https:\/\/glennbesnard.com\/wp-content\/uploads\/2024\/09\/magic.png 1780w\" sizes=\"(max-width: 1024px) 100vw, 1024px\" \/><\/figure>\n\n\n\n<p><\/p>\n\n\n\n<p class=\"has-text-align-center\">&#8212;&#8212;&#8212;&#8212;&#8212;&#8212;&#8211;<\/p>\n\n\n\n<p class=\"has-text-align-center\"><strong>Critique de &#8220;In parenthesis&#8221; dans le T\u00e9l\u00e9gramme, par Tanguy Monnat:<\/strong><\/p>\n\n\n\n<p><\/p>\n\n\n\n<figure class=\"wp-block-image size-large\"><img decoding=\"async\" loading=\"lazy\" width=\"1024\" height=\"523\" src=\"http:\/\/glennbesnard.com\/wp-content\/uploads\/2024\/09\/le-telegramme-1024x523.jpeg\" alt=\"\" class=\"wp-image-619\" srcset=\"https:\/\/glennbesnard.com\/wp-content\/uploads\/2024\/09\/le-telegramme-1024x523.jpeg 1024w, https:\/\/glennbesnard.com\/wp-content\/uploads\/2024\/09\/le-telegramme-300x153.jpeg 300w, https:\/\/glennbesnard.com\/wp-content\/uploads\/2024\/09\/le-telegramme-768x393.jpeg 768w, https:\/\/glennbesnard.com\/wp-content\/uploads\/2024\/09\/le-telegramme-1536x785.jpeg 1536w, https:\/\/glennbesnard.com\/wp-content\/uploads\/2024\/09\/le-telegramme.jpeg 1794w\" sizes=\"(max-width: 1024px) 100vw, 1024px\" \/><\/figure>\n\n\n\n<p><\/p>\n\n\n\n<p><\/p>\n\n\n\n<p><\/p>\n\n\n\n<p><\/p>\n\n\n\n<p>Sorties pr\u00e9c\u00e9dentes:<\/p>\n\n\n<p><iframe loading=\"lazy\" style=\"border: 0; width: 400px; height: 274px;\" src=\"https:\/\/bandcamp.com\/EmbeddedPlayer\/album=2238215251\/size=large\/bgcol=ffffff\/linkcol=0687f5\/artwork=small\/transparent=true\/\" width=\"300\" height=\"150\" seamless=\"\">&amp;amp;amp;lt;a href=&#8221;http:\/\/ollomusic.bandcamp.com\/album\/the-not-very-well-tempered-piano-part1&#8243;&amp;amp;amp;gt;The not very well tempered piano &#8211; Part1 by Glenn Besnard&amp;amp;amp;lt;\/a&amp;amp;amp;gt;<\/iframe><\/p>\n\n\n<p><iframe loading=\"lazy\" style=\"border: 0; width: 400px; height: 241px;\" src=\"https:\/\/bandcamp.com\/EmbeddedPlayer\/album=29476843\/size=large\/bgcol=ffffff\/linkcol=0687f5\/artwork=small\/transparent=true\/\" width=\"300\" height=\"150\" seamless=\"\">&amp;amp;amp;lt;a href=&#8221;http:\/\/ollomusic.bandcamp.com\/album\/winter-songs&#8221;&amp;amp;amp;gt;Winter songs by \u00f8ll\u00f8&amp;amp;amp;lt;\/a&amp;amp;amp;gt;<\/iframe><\/p>\n\n\n\n<p><\/p>\n","protected":false},"excerpt":{"rendered":"<p>Depuis neuf ans, je construis un univers marqu\u00e9 par des influences diverses comme Boards of canada, Mogwai, Massive Attack, Sigur Ros, Rone&#8230; Dans ce projet musical solo, l&#8217;\u00e9lectronique et l&#8217;acoustique fusionnent pour cr\u00e9er une musique onirique, parfois m\u00e9lancolique ou dansante, souvent po\u00e9tique. &#8212;&#8212;&#8212;&#8212;&#8212;&#8212;&#8211; L&#8217;album &#8220;In Parenthesis&#8221; est sorti le 1er d\u00e9cembre 2023 In Parenthesis by [&hellip;]<\/p>\n","protected":false},"author":1,"featured_media":0,"parent":0,"menu_order":0,"comment_status":"closed","ping_status":"closed","template":"","meta":{"footnotes":""},"_links":{"self":[{"href":"https:\/\/glennbesnard.com\/index.php\/wp-json\/wp\/v2\/pages\/21"}],"collection":[{"href":"https:\/\/glennbesnard.com\/index.php\/wp-json\/wp\/v2\/pages"}],"about":[{"href":"https:\/\/glennbesnard.com\/index.php\/wp-json\/wp\/v2\/types\/page"}],"author":[{"embeddable":true,"href":"https:\/\/glennbesnard.com\/index.php\/wp-json\/wp\/v2\/users\/1"}],"replies":[{"embeddable":true,"href":"https:\/\/glennbesnard.com\/index.php\/wp-json\/wp\/v2\/comments?post=21"}],"version-history":[{"count":42,"href":"https:\/\/glennbesnard.com\/index.php\/wp-json\/wp\/v2\/pages\/21\/revisions"}],"predecessor-version":[{"id":628,"href":"https:\/\/glennbesnard.com\/index.php\/wp-json\/wp\/v2\/pages\/21\/revisions\/628"}],"wp:attachment":[{"href":"https:\/\/glennbesnard.com\/index.php\/wp-json\/wp\/v2\/media?parent=21"}],"curies":[{"name":"wp","href":"https:\/\/api.w.org\/{rel}","templated":true}]}}