{"id":194,"date":"2019-06-25T15:37:20","date_gmt":"2019-06-25T13:37:20","guid":{"rendered":"http:\/\/glennbesnard.com\/?page_id=194"},"modified":"2023-07-18T10:24:48","modified_gmt":"2023-07-18T08:24:48","slug":"robert-ou-robert","status":"publish","type":"page","link":"https:\/\/glennbesnard.com\/index.php\/robert-ou-robert\/","title":{"rendered":"L&#8217;ENCHANTEUR EN CHANTIER"},"content":{"rendered":"<p>\u00a0<\/p>\n<center>\n<figure class=\"wp-block-image aligncenter\"><img decoding=\"async\" loading=\"lazy\" width=\"300\" height=\"178\" class=\"wp-image-328\" src=\"http:\/\/glennbesnard.com\/wp-content\/uploads\/2019\/06\/Robert-et-sa-voiturette-300x178.jpg\" alt=\"\" srcset=\"https:\/\/glennbesnard.com\/wp-content\/uploads\/2019\/06\/Robert-et-sa-voiturette-300x178.jpg 300w, https:\/\/glennbesnard.com\/wp-content\/uploads\/2019\/06\/Robert-et-sa-voiturette-768x457.jpg 768w, https:\/\/glennbesnard.com\/wp-content\/uploads\/2019\/06\/Robert-et-sa-voiturette-1024x609.jpg 1024w\" sizes=\"(max-width: 300px) 100vw, 300px\" \/><\/figure>\n<\/center><center><\/center><center>Documentaire audiovisuel sur et avec Robert Coudray, le po\u00e8te ferrailleur<\/center><center><\/center><center>\u00c9crit et r\u00e9alis\u00e9 par Anne Burlot et Glenn Besnard<\/center><center>Montage: Pablo Teyssier Verger<\/center><center>Coproduction &#8220;les Films de l&#8217;autre c\u00f4t\u00e9&#8221; &#8211; France T\u00e9l\u00e9vision<\/center><center><\/center><center><\/center><center>Sortie d\u00e9but 2022<\/center><center><\/center><center>Le film est visible sur KUB :<\/center><center><\/center><center><a href=\"https:\/\/www.kubweb.media\/page\/enchanteur-en-chantier-poete-ferailleur-lizio-anne-burlot-glenn-besnard\/\">https:\/\/www.kubweb.media\/page\/enchanteur-en-chantier-poete-ferailleur-lizio-anne-burlot-glenn-besnard\/<\/a><\/center><center><\/center><center><\/center><center><\/center><center><\/center><center><\/center><center><\/center><center><\/center><center><\/center><center><\/center><center><\/center>\n<p>\u00a0<\/p>\n\n\n<figure class=\"wp-block-image aligncenter size-large\"><img decoding=\"async\" loading=\"lazy\" width=\"723\" height=\"1024\" src=\"http:\/\/glennbesnard.com\/wp-content\/uploads\/2022\/12\/affiche-EEC-723x1024.jpg\" alt=\"\" class=\"wp-image-469\" srcset=\"https:\/\/glennbesnard.com\/wp-content\/uploads\/2022\/12\/affiche-EEC-723x1024.jpg 723w, https:\/\/glennbesnard.com\/wp-content\/uploads\/2022\/12\/affiche-EEC-212x300.jpg 212w, https:\/\/glennbesnard.com\/wp-content\/uploads\/2022\/12\/affiche-EEC-768x1087.jpg 768w, https:\/\/glennbesnard.com\/wp-content\/uploads\/2022\/12\/affiche-EEC.jpg 904w\" sizes=\"(max-width: 723px) 100vw, 723px\" \/><\/figure>\n\n\n\n<p class=\"has-text-align-center\">A Lizio, village breton assis sur le granit, s\u00e9vit un artiste magn\u00e9tique et fantasque.<br>Robert Coudray, plus connu sous le nom de po\u00e8te ferrailleur, a cr\u00e9\u00e9 un lieu onirique et f\u00e9\u00e9rique dans lequel il expose de mani\u00e8re fr\u00e9n\u00e9tique ses automates et ses constructions.<br>Le d\u00e9c\u00e8s brutal de son fils aurait pu briser ses \u00e9lans. Mais il n\u2019a fait que renforcer son ardeur au travail et sa folie des grandeurs. Sa douleur est devenue un nouveau<br>moteur \u00e0 ses cr\u00e9ations.<\/p>\n\n\n\n<p><\/p>\n","protected":false},"excerpt":{"rendered":"<p>\u00a0 Documentaire audiovisuel sur et avec Robert Coudray, le po\u00e8te ferrailleur\u00c9crit et r\u00e9alis\u00e9 par Anne Burlot et Glenn BesnardMontage: Pablo Teyssier VergerCoproduction &#8220;les Films de l&#8217;autre c\u00f4t\u00e9&#8221; &#8211; France T\u00e9l\u00e9visionSortie d\u00e9but 2022Le film est visible sur KUB :https:\/\/www.kubweb.media\/page\/enchanteur-en-chantier-poete-ferailleur-lizio-anne-burlot-glenn-besnard\/ \u00a0 A Lizio, village breton assis sur le granit, s\u00e9vit un artiste magn\u00e9tique et fantasque.Robert Coudray, plus [&hellip;]<\/p>\n","protected":false},"author":1,"featured_media":0,"parent":0,"menu_order":0,"comment_status":"closed","ping_status":"closed","template":"","meta":{"footnotes":""},"_links":{"self":[{"href":"https:\/\/glennbesnard.com\/index.php\/wp-json\/wp\/v2\/pages\/194"}],"collection":[{"href":"https:\/\/glennbesnard.com\/index.php\/wp-json\/wp\/v2\/pages"}],"about":[{"href":"https:\/\/glennbesnard.com\/index.php\/wp-json\/wp\/v2\/types\/page"}],"author":[{"embeddable":true,"href":"https:\/\/glennbesnard.com\/index.php\/wp-json\/wp\/v2\/users\/1"}],"replies":[{"embeddable":true,"href":"https:\/\/glennbesnard.com\/index.php\/wp-json\/wp\/v2\/comments?post=194"}],"version-history":[{"count":16,"href":"https:\/\/glennbesnard.com\/index.php\/wp-json\/wp\/v2\/pages\/194\/revisions"}],"predecessor-version":[{"id":495,"href":"https:\/\/glennbesnard.com\/index.php\/wp-json\/wp\/v2\/pages\/194\/revisions\/495"}],"wp:attachment":[{"href":"https:\/\/glennbesnard.com\/index.php\/wp-json\/wp\/v2\/media?parent=194"}],"curies":[{"name":"wp","href":"https:\/\/api.w.org\/{rel}","templated":true}]}}