{"id":188,"date":"2019-06-25T15:32:43","date_gmt":"2019-06-25T13:32:43","guid":{"rendered":"http:\/\/glennbesnard.com\/?page_id=188"},"modified":"2019-06-27T15:58:14","modified_gmt":"2019-06-27T13:58:14","slug":"de-bouches-a-oreilles-les-druides","status":"publish","type":"page","link":"https:\/\/glennbesnard.com\/index.php\/de-bouches-a-oreilles-les-druides\/","title":{"rendered":"DE BOUCHES A OREILLES: LES DRUIDES"},"content":{"rendered":"<p>S\u00e9rie documentaire radiophonique de 10 \u00e9pisodes diffus\u00e9es en janvier 2009 sur France Bleu Armorique<\/p>\n<p><iframe loading=\"lazy\" width=\"100%\" height=\"450\" scrolling=\"no\" frameborder=\"no\" allow=\"autoplay\" src=\"https:\/\/w.soundcloud.com\/player\/?url=https%3A\/\/api.soundcloud.com\/playlists\/812992554&#038;color=%23ff5500&#038;auto_play=false&#038;hide_related=false&#038;show_comments=true&#038;show_user=true&#038;show_reposts=false&#038;show_teaser=true\"><\/iframe><\/p>\n","protected":false},"excerpt":{"rendered":"<p>S\u00e9rie documentaire radiophonique de 10 \u00e9pisodes diffus\u00e9es en janvier 2009 sur France Bleu Armorique<\/p>\n","protected":false},"author":1,"featured_media":0,"parent":0,"menu_order":0,"comment_status":"closed","ping_status":"closed","template":"","meta":{"footnotes":""},"_links":{"self":[{"href":"https:\/\/glennbesnard.com\/index.php\/wp-json\/wp\/v2\/pages\/188"}],"collection":[{"href":"https:\/\/glennbesnard.com\/index.php\/wp-json\/wp\/v2\/pages"}],"about":[{"href":"https:\/\/glennbesnard.com\/index.php\/wp-json\/wp\/v2\/types\/page"}],"author":[{"embeddable":true,"href":"https:\/\/glennbesnard.com\/index.php\/wp-json\/wp\/v2\/users\/1"}],"replies":[{"embeddable":true,"href":"https:\/\/glennbesnard.com\/index.php\/wp-json\/wp\/v2\/comments?post=188"}],"version-history":[{"count":2,"href":"https:\/\/glennbesnard.com\/index.php\/wp-json\/wp\/v2\/pages\/188\/revisions"}],"predecessor-version":[{"id":243,"href":"https:\/\/glennbesnard.com\/index.php\/wp-json\/wp\/v2\/pages\/188\/revisions\/243"}],"wp:attachment":[{"href":"https:\/\/glennbesnard.com\/index.php\/wp-json\/wp\/v2\/media?parent=188"}],"curies":[{"name":"wp","href":"https:\/\/api.w.org\/{rel}","templated":true}]}}