{"id":12,"date":"2016-12-30T17:25:41","date_gmt":"2016-12-30T16:25:41","guid":{"rendered":"http:\/\/glennbesnard.com\/?page_id=12"},"modified":"2024-09-04T15:59:11","modified_gmt":"2024-09-04T13:59:11","slug":"a-propos","status":"publish","type":"page","link":"https:\/\/glennbesnard.com\/","title":{"rendered":""},"content":{"rendered":"<p>&nbsp;<\/p>\n<p>Musique ou son. Technicien ou musicien. Radio ou spectacle vivant. Documentaire ou fiction, Glenn Besnard n&#8217;a jamais r\u00e9ussi \u00e0 choisir. Alors il fait un peu tout \u00e7a \u00e0 la fois. Il aime se d\u00e9finir comme \u00ab bidouilleur sonore \u00bb.<\/p>\n<p>Glenn collecte les sons, les assemble, les triture, les m\u00e9lange avec le m\u00eame enthousiasme que lorsque, enfant, il construisait des histoires avec ses LEGO.<\/p>\n<p>Il fa\u00e7onne le son comme une mati\u00e8re pour cr\u00e9er des pi\u00e8ces sonores diffus\u00e9es lors d&#8217;installations ou \u00e0 la radio (RTBF, France Culture..), des bandes originales de films (Avec mes abeilles, Le bateau ivre), ou des cr\u00e9ations sonores pour le th\u00e9\u00e2tre (Cie Gazibul, Cie Le Grand App\u00e9tit). Avec Anne Burlot, ils r\u00e9alisent ensemble des documentaires audiovisuels: &#8220;Avec mes abeilles&#8221;, sorti en 2017 et &#8220;l&#8217;enchanteur en chantier&#8221; en 2022.<\/p>\n<p>En parall\u00e8le de ces projets, Glenn Besnard a fond\u00e9 le projet musical \u00f8ll\u00f8. En solo, il compose une musique <span style=\"font-family: var(--wp--preset--font-family--merriweather); font-size: var(--wp--preset--font-size--small);\">atmosphe\u0301rique, image\u0301e, impressionniste, <\/span><span style=\"font-family: var(--wp--preset--font-family--merriweather); font-size: var(--wp--preset--font-size--small);\">marque\u0301 par des influences diverses comme Boards of canada, Mogwai, Massive Attack, Sigur Ros, Rone..<\/span><\/p>\n","protected":false},"excerpt":{"rendered":"<p>&nbsp; Musique ou son. Technicien ou musicien. Radio ou spectacle vivant. Documentaire ou fiction, Glenn Besnard n&#8217;a jamais r\u00e9ussi \u00e0 choisir. Alors il fait un peu tout \u00e7a \u00e0 la fois. Il aime se d\u00e9finir comme \u00ab bidouilleur sonore \u00bb. Glenn collecte les sons, les assemble, les triture, les m\u00e9lange avec le m\u00eame enthousiasme que [&hellip;]<\/p>\n","protected":false},"author":1,"featured_media":0,"parent":0,"menu_order":0,"comment_status":"closed","ping_status":"closed","template":"","meta":{"footnotes":""},"_links":{"self":[{"href":"https:\/\/glennbesnard.com\/index.php\/wp-json\/wp\/v2\/pages\/12"}],"collection":[{"href":"https:\/\/glennbesnard.com\/index.php\/wp-json\/wp\/v2\/pages"}],"about":[{"href":"https:\/\/glennbesnard.com\/index.php\/wp-json\/wp\/v2\/types\/page"}],"author":[{"embeddable":true,"href":"https:\/\/glennbesnard.com\/index.php\/wp-json\/wp\/v2\/users\/1"}],"replies":[{"embeddable":true,"href":"https:\/\/glennbesnard.com\/index.php\/wp-json\/wp\/v2\/comments?post=12"}],"version-history":[{"count":43,"href":"https:\/\/glennbesnard.com\/index.php\/wp-json\/wp\/v2\/pages\/12\/revisions"}],"predecessor-version":[{"id":626,"href":"https:\/\/glennbesnard.com\/index.php\/wp-json\/wp\/v2\/pages\/12\/revisions\/626"}],"wp:attachment":[{"href":"https:\/\/glennbesnard.com\/index.php\/wp-json\/wp\/v2\/media?parent=12"}],"curies":[{"name":"wp","href":"https:\/\/api.w.org\/{rel}","templated":true}]}}