{"id":105,"date":"2016-12-31T12:14:36","date_gmt":"2016-12-31T11:14:36","guid":{"rendered":"http:\/\/glennbesnard.com\/?page_id=105"},"modified":"2021-12-03T19:13:55","modified_gmt":"2021-12-03T18:13:55","slug":"bande-originale-du-film-2","status":"publish","type":"page","link":"https:\/\/glennbesnard.com\/index.php\/bande-originale-du-film-2\/","title":{"rendered":"AVEC MES ABEILLES &#8211; BO"},"content":{"rendered":"<p>&#8220;Avec mes abeilles&#8221; est un documentaire de 52 minutes que j&#8217;ai co-r\u00e9alis\u00e9 avec Anne Burlot.\u00a0J&#8217;ai \u00e9galement compos\u00e9 la bande originale du film.<\/p>\n<p>Musiciens additionnels: Federico Climovich \u00e0 la batterie et\u00a0Cl\u00e9ment Lemennicier \u00e0 la trompette et au bugle.<\/p>\n<p><iframe loading=\"lazy\" style=\"border: 0; width: 400px; height: 472px;\" src=\"https:\/\/bandcamp.com\/EmbeddedPlayer\/album=3468641298\/size=large\/bgcol=ffffff\/linkcol=0687f5\/artwork=small\/transparent=true\/\" width=\"300\" height=\"150\" seamless=\"\"><a href=\"http:\/\/ollomusic.bandcamp.com\/album\/avec-mes-abeilles-original-soundtrack\">Avec mes abeilles &#8211; original soundtrack by \u00f8ll\u00f8<\/a><\/iframe><\/p>\n<p>La bande originale du documentaire \u00ab\u00a0Avec mes abeilles\u00a0\u00bb a \u00e9t\u00e9 pens\u00e9e d\u00e8s la gen\u00e8se du film. Il \u00e9tait difficile de rendre compte de la richesse et de la subtilit\u00e9 sonore d\u2019une ruche uniquement par des prises de son classiques. Les abeilles ne font pas que bourdonner. Elles peuvent aussi murmurer, ronronner, vibrer et m\u00eame sonner comme des trompettes lorsqu\u2019elles sont en col\u00e8re.<\/p>\n<p>On a choisi de filmer plusieurs s\u00e9quences d\u2019abeilles au ralenti, parfois jusqu\u2019\u00e0 2000 images par seconde, alors qu\u2019en g\u00e9n\u00e9ral on filme \u00e0 25 images. Il a donc fallu recr\u00e9er un univers sonore pour nourrir ces images.<br \/>\nJ\u2019ai \u00e9t\u00e9 capter le son des abeilles \u00e0 l\u2019int\u00e9rieur de la ruche, mais aussi lors de l\u2019envol d\u2019un essaim.<br \/>\nLe son produit par cette communaut\u00e9 m\u2019a fait penser au mantra Om des hindous.<\/p>\n<p>A partir de ces enregistrements, j\u2019ai compos\u00e9 une musique impr\u00e9gn\u00e9e de ces murmures. Souvent accompagn\u00e9 d\u2019un piano. Mais aussi d\u2019autres instruments comme des cuivres, une cithare, des guitares, des carillons, des percussions. J\u2019ai essay\u00e9 d\u2019imaginer pour chaque s\u00e9quence \u00ab\u00a0l\u2019humeur des abeilles\u00a0\u00bb. Parfois, elles sont concentr\u00e9es au travail, parfois elles sont fac\u00e9tieuses, parfois \u00e9nerv\u00e9es. Et parfois m\u00eame majestueuses.<br \/>\nJ\u2019ai \u00e9galement enregistr\u00e9 des chants gr\u00e9goriens que j\u2019ai mix\u00e9 avec des guitares et des claviers. L\u2019id\u00e9e \u00e9tait de retrouver \u00ab\u00a0le chant de l\u2019abeille\u00a0\u00bb. Au Moyen \u00e2ge, on disait de ce chant qu\u2019il \u00e9tait sacr\u00e9 car l\u2019abeille porte en elle une partie de l\u2019intelligence divine.<\/p>\n","protected":false},"excerpt":{"rendered":"<p>&#8220;Avec mes abeilles&#8221; est un documentaire de 52 minutes que j&#8217;ai co-r\u00e9alis\u00e9 avec Anne Burlot.\u00a0J&#8217;ai \u00e9galement compos\u00e9 la bande originale du film. Musiciens additionnels: Federico Climovich \u00e0 la batterie et\u00a0Cl\u00e9ment Lemennicier \u00e0 la trompette et au bugle. Avec mes abeilles &#8211; original soundtrack by \u00f8ll\u00f8 La bande originale du documentaire \u00ab\u00a0Avec mes abeilles\u00a0\u00bb a \u00e9t\u00e9 [&hellip;]<\/p>\n","protected":false},"author":1,"featured_media":0,"parent":0,"menu_order":0,"comment_status":"closed","ping_status":"closed","template":"","meta":{"footnotes":""},"_links":{"self":[{"href":"https:\/\/glennbesnard.com\/index.php\/wp-json\/wp\/v2\/pages\/105"}],"collection":[{"href":"https:\/\/glennbesnard.com\/index.php\/wp-json\/wp\/v2\/pages"}],"about":[{"href":"https:\/\/glennbesnard.com\/index.php\/wp-json\/wp\/v2\/types\/page"}],"author":[{"embeddable":true,"href":"https:\/\/glennbesnard.com\/index.php\/wp-json\/wp\/v2\/users\/1"}],"replies":[{"embeddable":true,"href":"https:\/\/glennbesnard.com\/index.php\/wp-json\/wp\/v2\/comments?post=105"}],"version-history":[{"count":5,"href":"https:\/\/glennbesnard.com\/index.php\/wp-json\/wp\/v2\/pages\/105\/revisions"}],"predecessor-version":[{"id":352,"href":"https:\/\/glennbesnard.com\/index.php\/wp-json\/wp\/v2\/pages\/105\/revisions\/352"}],"wp:attachment":[{"href":"https:\/\/glennbesnard.com\/index.php\/wp-json\/wp\/v2\/media?parent=105"}],"curies":[{"name":"wp","href":"https:\/\/api.w.org\/{rel}","templated":true}]}}